{"id":16433,"date":"2023-05-09T13:21:37","date_gmt":"2023-05-09T11:21:37","guid":{"rendered":"https:\/\/www.bss-used.com\/?page_id=16433"},"modified":"2025-10-16T09:56:58","modified_gmt":"2025-10-16T07:56:58","slug":"home-d","status":"publish","type":"page","link":"https:\/\/www.bss-used.com\/de\/","title":{"rendered":"BSS &#8211; Gebrauchte Baumaschinen"},"content":{"rendered":"<h2>Gebrauchte Baumaschinen: Welche bietet BSS an?<\/h2>\n<p>BSS bietet Ihnen gebrauchte Baumaschinen aus diversen Kategorien an.<\/p>\n<p><a href=\"https:\/\/dealers.mascus.com\/bss\/baumaschinen\/minibagger-7t?language=de\"><img loading=\"lazy\" decoding=\"async\" class=\"alignnone wp-image-16446\" src=\"https:\/\/www.bss-used.com\/wp-content\/uploads\/2023\/05\/minibagger-bss-used-heavy-machinery.jpg\" alt=\"\" width=\"210\" height=\"284\" \/><\/a> <a href=\"https:\/\/dealers.mascus.com\/bss\/baumaschinen\/raupenbagger?language=de\"><img loading=\"lazy\" decoding=\"async\" class=\"alignnone wp-image-16455\" src=\"https:\/\/www.bss-used.com\/wp-content\/uploads\/2023\/05\/raupenbagger-bss-used-heavy-machinery.jpg\" alt=\"\" width=\"210\" height=\"284\" \/><\/a> <a href=\"https:\/\/dealers.mascus.com\/bss\/baumaschinen\/mobilbagger?language=de\"><img loading=\"lazy\" decoding=\"async\" class=\"alignnone wp-image-16449\" src=\"https:\/\/www.bss-used.com\/wp-content\/uploads\/2023\/05\/mobilbagger-bss-used-heavy-machinery.jpg\" alt=\"\" width=\"210\" height=\"284\" \/><\/a> <a href=\"https:\/\/dealers.mascus.com\/bss\/baumaschinen\/kompaktlader?language=de\"><img loading=\"lazy\" decoding=\"async\" class=\"alignnone wp-image-16443\" src=\"https:\/\/www.bss-used.com\/wp-content\/uploads\/2023\/05\/kompaktlader-bss-used-heavy-machinery.jpg\" alt=\"\" width=\"210\" height=\"284\" \/><\/a> <a href=\"https:\/\/dealers.mascus.com\/bss\/baumaschinen\/dumper?language=de\"><img loading=\"lazy\" decoding=\"async\" class=\"alignnone wp-image-16440\" src=\"https:\/\/www.bss-used.com\/wp-content\/uploads\/2023\/05\/dumper-bss-used-heavy-machinery.jpg\" alt=\"\" width=\"210\" height=\"284\" \/><\/a> <a href=\"https:\/\/dealers.mascus.com\/bss\/baumaschinen\/radlader?language=de\"><img loading=\"lazy\" decoding=\"async\" class=\"alignnone wp-image-16452\" src=\"https:\/\/www.bss-used.com\/wp-content\/uploads\/2023\/05\/radlader-bss-used-heavy-machinery.jpg\" alt=\"\" width=\"210\" height=\"284\" \/><\/a> <a href=\"https:\/\/dealers.mascus.com\/bss\/baumaschinen\/strassenbaumaschinen?language=de\"><img loading=\"lazy\" decoding=\"async\" class=\"alignnone wp-image-16458\" src=\"https:\/\/www.bss-used.com\/wp-content\/uploads\/2023\/05\/strassenbaumaschinen-bss-used-heavy-machinery.jpg\" alt=\"\" width=\"210\" height=\"337\" srcset=\"https:\/\/www.bss-used.com\/wp-content\/uploads\/2023\/05\/strassenbaumaschinen-bss-used-heavy-machinery.jpg 222w, https:\/\/www.bss-used.com\/wp-content\/uploads\/2023\/05\/strassenbaumaschinen-bss-used-heavy-machinery-187x300.jpg 187w\" sizes=\"auto, (max-width: 210px) 100vw, 210px\" \/><\/a> <a href=\"https:\/\/dealers.mascus.com\/bss\/baumaschinen\/abfall-und-recycling-sowie-steinbruchmaschinen?language=de\"><img loading=\"lazy\" decoding=\"async\" class=\"alignnone wp-image-16464\" src=\"https:\/\/www.bss-used.com\/wp-content\/uploads\/2023\/05\/abfall-recycling-bss-used-heavy-machinery.jpg\" alt=\"\" width=\"210\" height=\"337\" srcset=\"https:\/\/www.bss-used.com\/wp-content\/uploads\/2023\/05\/abfall-recycling-bss-used-heavy-machinery.jpg 222w, https:\/\/www.bss-used.com\/wp-content\/uploads\/2023\/05\/abfall-recycling-bss-used-heavy-machinery-187x300.jpg 187w\" sizes=\"auto, (max-width: 210px) 100vw, 210px\" \/><\/a> <a href=\"https:\/\/dealers.mascus.com\/bss\/baumaschinen\/asphalt-mischmaschinen?language=de\"><img loading=\"lazy\" decoding=\"async\" class=\"alignnone wp-image-16434\" src=\"https:\/\/www.bss-used.com\/wp-content\/uploads\/2023\/05\/asphalt-mischmaschinen-bss-used-heavy-machinery.jpg\" alt=\"\" width=\"210\" height=\"337\" srcset=\"https:\/\/www.bss-used.com\/wp-content\/uploads\/2023\/05\/asphalt-mischmaschinen-bss-used-heavy-machinery.jpg 222w, https:\/\/www.bss-used.com\/wp-content\/uploads\/2023\/05\/asphalt-mischmaschinen-bss-used-heavy-machinery-187x300.jpg 187w\" sizes=\"auto, (max-width: 210px) 100vw, 210px\" \/><\/a> <a href=\"https:\/\/dealers.mascus.com\/bss\/baumaschinen\/zubehor?language=de\"><img loading=\"lazy\" decoding=\"async\" class=\"alignnone wp-image-16461\" src=\"https:\/\/www.bss-used.com\/wp-content\/uploads\/2023\/05\/zebehoer-anbauteile-bss-used-heavy-machinery.jpg\" alt=\"\" width=\"210\" height=\"284\" \/><\/a> <a href=\"https:\/\/dealers.mascus.com\/bss\/baumaschinen\/baumaschinen-andere?language=de\"><img loading=\"lazy\" decoding=\"async\" class=\"alignnone wp-image-16437\" src=\"https:\/\/www.bss-used.com\/wp-content\/uploads\/2023\/05\/baumaschinen-bss-used-heavy-machinery.jpg\" alt=\"\" width=\"210\" height=\"284\" \/><\/a><\/p>\n<h2>Das BSS Service-Versprechen<\/h2>\n<p>BSS bietet Ihnen hochwertige, gebrauchte Baumaschinen f\u00fcr verschiedene Einsatzzwecke und Einsatzorte. Alle Maschinen werden vor dem Verkauf von unseren erfahrenen Maschinen-Experten f\u00fcr Sie \u00fcberpr\u00fcft, um diese in einem arbeitsbereiten Zustand an Sie zu \u00fcbergeben.<\/p>\n<p>Gerne beraten wir Sie <strong>telefonisch oder vor Ort<\/strong> und geben Ihnen Antworten auf Ihre Fragen. Sollten Sie Fragen haben kontaktieren Sie uns gerne jederzeit unter <strong>+49 3335 45104-0<\/strong> oder per Mail via <a href=\"mailto:info@bss.net\">info@bss.net<\/a>.<\/p>\n<h2>Versand<\/h2>\n<p>Selbstverst\u00e4ndlich k\u00fcmmern wir uns auch um den Versand der Maschinen. Somit k\u00f6nnen Sie sich auf das Wichtigste konzentrieren: Ihr Kerngesch\u00e4ft! Wir \u00fcbernehmen f\u00fcr Sie die Kommunikation, Abwicklung sowie den sicheren Transport zum Zielort.<\/p>\n<h2>Sie vermissen spezifische gebrauchte Baumaschinen?<\/h2>\n<p>Sollten Sie eine spezielle gebrauchte Baumaschine vermissen, sprechen Sie uns gerne an. Dank mehrj\u00e4hriger Erfahrung und einem gro\u00dfen Netzwerk finden wir eine L\u00f6sung f\u00fcr Sie.<\/p>\n","protected":false},"excerpt":{"rendered":"<p>Gebrauchte Baumaschinen: Welche bietet BSS an? BSS bietet Ihnen gebrauchte Baumaschinen aus diversen Kategorien an. Das BSS Service-Versprechen BSS bietet Ihnen hochwertige, gebrauchte Baumaschinen f\u00fcr verschiedene Einsatzzwecke und Einsatzorte. Alle Maschinen werden vor dem Verkauf von unseren erfahrenen Maschinen-Experten f\u00fcr Sie \u00fcberpr\u00fcft, um diese in einem arbeitsbereiten Zustand an Sie zu \u00fcbergeben. Gerne beraten wir Sie telefonisch oder vor Ort [&hellip;]<\/p>\n","protected":false},"author":4,"featured_media":0,"parent":0,"menu_order":0,"comment_status":"closed","ping_status":"closed","template":"","meta":{"footnotes":""},"class_list":["post-16433","page","type-page","status-publish","hentry"],"_links":{"self":[{"href":"https:\/\/www.bss-used.com\/de\/wp-json\/wp\/v2\/pages\/16433","targetHints":{"allow":["GET"]}}],"collection":[{"href":"https:\/\/www.bss-used.com\/de\/wp-json\/wp\/v2\/pages"}],"about":[{"href":"https:\/\/www.bss-used.com\/de\/wp-json\/wp\/v2\/types\/page"}],"author":[{"embeddable":true,"href":"https:\/\/www.bss-used.com\/de\/wp-json\/wp\/v2\/users\/4"}],"replies":[{"embeddable":true,"href":"https:\/\/www.bss-used.com\/de\/wp-json\/wp\/v2\/comments?post=16433"}],"version-history":[{"count":0,"href":"https:\/\/www.bss-used.com\/de\/wp-json\/wp\/v2\/pages\/16433\/revisions"}],"wp:attachment":[{"href":"https:\/\/www.bss-used.com\/de\/wp-json\/wp\/v2\/media?parent=16433"}],"curies":[{"name":"wp","href":"https:\/\/api.w.org\/{rel}","templated":true}]}}