{"id":156,"date":"2016-11-30T15:17:45","date_gmt":"2016-11-30T14:17:45","guid":{"rendered":"http:\/\/neu.bss.net\/company\/company_profile\/"},"modified":"2023-05-09T15:04:48","modified_gmt":"2023-05-09T13:04:48","slug":"company_profile","status":"publish","type":"page","link":"https:\/\/www.bss-used.com\/de\/company\/company_profile\/","title":{"rendered":"Historie"},"content":{"rendered":"<p><img loading=\"lazy\" decoding=\"async\" class=\"alignnone size-full wp-image-121\" src=\"http:\/\/www.bss.net\/wp-content\/uploads\/2016\/11\/bss-unternehmen.jpeg\" alt=\"bss-unternehmen\" width=\"480\" height=\"350\" srcset=\"https:\/\/www.bss-used.com\/wp-content\/uploads\/2016\/11\/bss-unternehmen.jpeg 480w, https:\/\/www.bss-used.com\/wp-content\/uploads\/2016\/11\/bss-unternehmen-300x219.jpeg 300w\" sizes=\"auto, (max-width: 480px) 100vw, 480px\" \/><\/p>\n<h2>Kraftpaket und Allesk\u00f6nner: BSS heavy machinery ist der perfekte Partner f\u00fcr schwere Eins\u00e4tze.<\/h2>\n<p><strong>\u00dcber acht Jahre Power und Erfolg am Markt<\/strong><br \/>\nGegr\u00fcndet wurde BSS heavy machinery im Jahr 2007 von den Br\u00fcdern Dirk und Ralf Sch\u00f6nbohm in Finowfurt bei Berlin. Gestartet mit nur einer Handvoll Maschinen hat das Unternehmen \u2013 nicht zuletzt durch eine ausgezeichnete H\u00e4ndlerstruktur \u2013 mittlerweile st\u00e4ndigen Zugriff auf rund 500 Baumaschinen und Nutzfahrzeuge weltweit und ganz nach speziellem Bedarf. Seit ihren Anf\u00e4ngen ist die Firma international aktiv und betreute bereits erfolgreich Gro\u00df-Projekte etwa im russischen Raum, innerhalb Europas, Asiens und Afrikas.<\/p>\n<p><strong>Unternehmensentwicklung durch zwei Branchenexperten<\/strong><br \/>\nDie Br\u00fcder Sch\u00f6nbohm verf\u00fcgen \u00fcber jahrelange Erfahrung im Baumaschinenhandel. Dirk Sch\u00f6nbohm ist ein erstklassig vernetzter und aktiver Experte im Maschinen- und Anlagenhandel, zeichnet in der Gesch\u00e4ftsf\u00fchrung f\u00fcr Verkauf und Vertrieb verantwortlich und ist erster Ansprechpartner f\u00fcr Kunden. Ralf Sch\u00f6nbohm, Diplom-Betriebswirt f\u00fcr Verkehrsbetriebswirtschaft und Logistik, war vor der \u00dcbernahme des Bereichs Finanzen\/Administration in der Gesch\u00e4ftsf\u00fchrung von BSS heavy machinery bereits f\u00fcr f\u00fchrende Branchenunternehmen und anspruchsvolle Logistik-Projekte im In- und Ausland t\u00e4tig.<\/p>\n<p>Gegenw\u00e4rtig geh\u00f6ren neun Mitarbeiter zum festen Team, darunter f\u00fcnf qualifizierte Techniker, die sich auch vor Ort um Demontage und Montage k\u00fcmmern, sowie vier Administratoren f\u00fcr komplexe logistische Vorg\u00e4nge. In der Schwertransport-Logistik ist ein hohes Ma\u00df an Erfahrung, Fachwissen und Sorgfalt im Umgang mit den Ger\u00e4ten erforderlich. Das stellt BSS heavy machinery t\u00e4glich unter Beweis und hat sich als vertrauensvoller Zulieferer f\u00fcr gro\u00dfe Anlagetechniken etabliert. Das Unternehmen garantiert seinen Kunden Top-Qualit\u00e4t zu fairen Preisen.<\/p>\n","protected":false},"excerpt":{"rendered":"<p>Kraftpaket und Allesk\u00f6nner: BSS heavy machinery ist der perfekte Partner f\u00fcr schwere Eins\u00e4tze. \u00dcber acht Jahre Power und Erfolg am Markt Gegr\u00fcndet wurde BSS heavy machinery im Jahr 2007 von den Br\u00fcdern Dirk und Ralf Sch\u00f6nbohm in Finowfurt bei Berlin. Gestartet mit nur einer Handvoll Maschinen hat das Unternehmen \u2013 nicht zuletzt durch eine ausgezeichnete H\u00e4ndlerstruktur \u2013 mittlerweile st\u00e4ndigen Zugriff [&hellip;]<\/p>\n","protected":false},"author":4,"featured_media":0,"parent":148,"menu_order":3,"comment_status":"closed","ping_status":"closed","template":"","meta":{"footnotes":""},"class_list":["post-156","page","type-page","status-publish","hentry"],"_links":{"self":[{"href":"https:\/\/www.bss-used.com\/de\/wp-json\/wp\/v2\/pages\/156","targetHints":{"allow":["GET"]}}],"collection":[{"href":"https:\/\/www.bss-used.com\/de\/wp-json\/wp\/v2\/pages"}],"about":[{"href":"https:\/\/www.bss-used.com\/de\/wp-json\/wp\/v2\/types\/page"}],"author":[{"embeddable":true,"href":"https:\/\/www.bss-used.com\/de\/wp-json\/wp\/v2\/users\/4"}],"replies":[{"embeddable":true,"href":"https:\/\/www.bss-used.com\/de\/wp-json\/wp\/v2\/comments?post=156"}],"version-history":[{"count":0,"href":"https:\/\/www.bss-used.com\/de\/wp-json\/wp\/v2\/pages\/156\/revisions"}],"up":[{"embeddable":true,"href":"https:\/\/www.bss-used.com\/de\/wp-json\/wp\/v2\/pages\/148"}],"wp:attachment":[{"href":"https:\/\/www.bss-used.com\/de\/wp-json\/wp\/v2\/media?parent=156"}],"curies":[{"name":"wp","href":"https:\/\/api.w.org\/{rel}","templated":true}]}}