{"id":151,"date":"2016-11-30T15:17:12","date_gmt":"2016-11-30T14:17:12","guid":{"rendered":"http:\/\/neu.bss.net\/company\/about_us\/"},"modified":"2023-05-09T15:04:35","modified_gmt":"2023-05-09T13:04:35","slug":"about_us","status":"publish","type":"page","link":"https:\/\/www.bss-used.com\/de\/company\/about_us\/","title":{"rendered":"Wir \u00fcber uns"},"content":{"rendered":"<p><img loading=\"lazy\" decoding=\"async\" class=\"alignnone size-full wp-image-107\" src=\"http:\/\/www.bss.net\/wp-content\/uploads\/2016\/11\/about1.jpeg\" alt=\"about1\" width=\"730\" height=\"182\" srcset=\"https:\/\/www.bss-used.com\/wp-content\/uploads\/2016\/11\/about1.jpeg 730w, https:\/\/www.bss-used.com\/wp-content\/uploads\/2016\/11\/about1-300x75.jpeg 300w\" sizes=\"auto, (max-width: 730px) 100vw, 730px\" \/><\/p>\n<h2>Menschen und Maschinen, die ihre Versprechen halten.<\/h2>\n<p><strong>Vielseitig. Kompetent.<\/strong><br \/>\nEin umfangreiches Portfolio an Baumaschinen, Asphalt- und Betonmischwerken, Nutzfahrzeugen und Fabrikanlagen steht jederzeit zur Verf\u00fcgung. Einzelbedarf wird umgehend aufgetan. Wir stellen als einziger Anbieter ein Komplettpaket in der Anlagentechnik bereit \u2013 vom An- und Verkauf \u00fcber die Bef\u00f6rderung auch gro\u00dfer Ladungen und die Anlagenmontage bis hin zur Einweisung vor Ort. Wir machen es m\u00f6glich.<\/p>\n<p><strong>Flexibel. Vernetzt.<\/strong><br \/>\nAls Anbieter von Anlagen agieren wir international \u2013 die Branche kennt uns. Wenn wir eine Maschine haben wollen, bekommen wir sie. Durch unsere intensive Marktbeobachtung und ein weltumspannendes Netzwerk von Kooperations- und Handelspartnern realisieren wir jede komplexe Herausforderung und bieten die optimale L\u00f6sung f\u00fcr Ihr anspruchsvolles Projekt.<\/p>\n<p><strong>Pr\u00e4zise. Routiniert.<\/strong><br \/>\nErfahrene Mitarbeiter sichern den reibungslosen Ablauf beim Fitmachen, \u00dcberf\u00fchren und Aufbauen Ihrer Maschine. Unser sachkundiges Personal steht Ihnen w\u00e4hrend des gesamten Prozesses kontinuierlich zur Seite. Lieferung von Top-Ware inklusive Inspektion, Wartung und Reinigung ist f\u00fcr uns ebenso selbstverst\u00e4ndlich wie die professionelle Montage vor Ort.<\/p>\n<p>&nbsp;<\/p>\n","protected":false},"excerpt":{"rendered":"<p>Menschen und Maschinen, die ihre Versprechen halten. Vielseitig. Kompetent. Ein umfangreiches Portfolio an Baumaschinen, Asphalt- und Betonmischwerken, Nutzfahrzeugen und Fabrikanlagen steht jederzeit zur Verf\u00fcgung. Einzelbedarf wird umgehend aufgetan. Wir stellen als einziger Anbieter ein Komplettpaket in der Anlagentechnik bereit \u2013 vom An- und Verkauf \u00fcber die Bef\u00f6rderung auch gro\u00dfer Ladungen und die Anlagenmontage bis hin zur Einweisung vor Ort. Wir [&hellip;]<\/p>\n","protected":false},"author":4,"featured_media":0,"parent":148,"menu_order":1,"comment_status":"closed","ping_status":"closed","template":"","meta":{"footnotes":""},"class_list":["post-151","page","type-page","status-publish","hentry"],"_links":{"self":[{"href":"https:\/\/www.bss-used.com\/de\/wp-json\/wp\/v2\/pages\/151","targetHints":{"allow":["GET"]}}],"collection":[{"href":"https:\/\/www.bss-used.com\/de\/wp-json\/wp\/v2\/pages"}],"about":[{"href":"https:\/\/www.bss-used.com\/de\/wp-json\/wp\/v2\/types\/page"}],"author":[{"embeddable":true,"href":"https:\/\/www.bss-used.com\/de\/wp-json\/wp\/v2\/users\/4"}],"replies":[{"embeddable":true,"href":"https:\/\/www.bss-used.com\/de\/wp-json\/wp\/v2\/comments?post=151"}],"version-history":[{"count":0,"href":"https:\/\/www.bss-used.com\/de\/wp-json\/wp\/v2\/pages\/151\/revisions"}],"up":[{"embeddable":true,"href":"https:\/\/www.bss-used.com\/de\/wp-json\/wp\/v2\/pages\/148"}],"wp:attachment":[{"href":"https:\/\/www.bss-used.com\/de\/wp-json\/wp\/v2\/media?parent=151"}],"curies":[{"name":"wp","href":"https:\/\/api.w.org\/{rel}","templated":true}]}}